{"id":4987,"date":"2016-05-05T13:37:13","date_gmt":"2016-05-05T11:37:13","guid":{"rendered":"http:\/\/busidiomas.com\/cursos-escolares\/?page_id=4987"},"modified":"2020-10-23T10:38:33","modified_gmt":"2020-10-23T08:38:33","slug":"nuestro-metodo","status":"publish","type":"page","link":"https:\/\/welfareguardians.co.uk\/es\/nuestro-metodo\/","title":{"rendered":"Nuestro M\u00e9todo"},"content":{"rendered":"<pre>SIEMPRE A TU LADO<\/pre>\n<p><strong>SELECCION Y CALIDAD EDUCATIVA<\/strong><br \/>\nPara nosotros lo m\u00e1s importante es conseguir una experiencia satisfactoria que perdurar\u00e1 en el futuro y en la que nosotros, Welfare Guardians, ponemos todo nuestro empe\u00f1o con la selecci\u00f3n de destinos, escuelas, etc.<\/p>\n<p>26 a\u00f1os de experiencia y conocer en persona los colegios forman la base esencial para un buen comienzo. Seleccionamos los colegios valorando m\u00e1s all\u00e1 de los datos acad\u00e9micos. Tenemos muy en cuenta a las personas que forman el equipo, el cuidado y la atenci\u00f3n al alumno y otros valores fundamentales como la convivencia, la comprensi\u00f3n, el respeto y la motivaci\u00f3n.<\/p>\n<p><strong>ASESORAMIENTO INDIVIDUAL<\/strong><br \/>\nEs fundamental que nos conozcamos. La fase de asesoramiento es tambi\u00e9n parte esencial del \u00e9xito del curso, pues no todos los destinos son adecuados para cualquier alumno ni todos los colegios van a satisfacer tus expectativas. Nos ayudar\u00e1s a recomendarte el sistema escolar m\u00e1s adecuado, el mejor destino y qu\u00e9 colegio y tipo de alojamiento se adaptan mejor a tus preferencias.<\/p>\n<p>Ya tengas clara tu decisi\u00f3n o tengas mil dudas, te ayudaremos en todo.<\/p>\n<p><strong>SOLICITUD DE PLAZA, ADMISI\u00d3N Y MATRICULA <\/strong><br \/>\nGestionamos el proceso de admisi\u00f3n en aquellos colegios que m\u00e1s te gusten, adem\u00e1s de tramitar los visados en EEUU y Canad\u00e1. Enviaremos los distintos formularios y pago de tasas del proceso y te pediremos toda la documentaci\u00f3n necesaria. Nos encargaremos de organizar los ex\u00e1menes de admisi\u00f3n y la entrevista en aquellos colegios que lo requieran, culminando con la matriculaci\u00f3n y reserva de plaza.<\/p>\n<p>Por nuestro rigor en este proceso, cada vez m\u00e1s colegios nos piden que seamos su oficina de admisiones en Espa\u00f1a.<\/p>\n<p><strong>LOS PREPARATIVOS<\/strong><br \/>\nTe explicaremos todos los detalles de la futura experiencia, elaboraremos toda la documentaci\u00f3n y gestiones previas al inicio del programa.<\/p>\n<p>\u2022 Emisi\u00f3n del seguro de cancelaci\u00f3n para el reembolso por circunstancias que impidan la realizaci\u00f3n del curso, incluso por el suspenso de asignaturas.<br \/>\n\u2022 Informaremos de las fechas y horarios de llegada y salida establecidos en destino para poder reservar los vuelos y organizar los traslados desde el aeropuerto al alojamiento.<br \/>\n\u2022 Repasaremos con el colegio todos los detalles para elaborar un dossier personalizado con los detalles del curso, desde el calendario escolar, la documentaci\u00f3n necesaria para viajar, el listado de art\u00edculos para el equipaje, el uniforme escolar, el dinero de bolsillo, etc.)<br \/>\n\u2022 Asignaremos un coordinador local o \u201cguardian\u201d en los programas en los que sea necesario.<br \/>\n\u2022 Si el alojamiento es en familia, estaremos en contacto con el coordinador local para que la asignaci\u00f3n se haga correctamente y con las mayores similitudes posibles.<br \/>\n\u2022 Emitiremos el seguro de viaje con las coberturas principales exigidas (equipajes, responsabilidad civil, asistencia m\u00e9dica, traslado de los padres, repatriaci\u00f3n, etc.).<\/p>\n<p><strong>EL COORDINADOR DE WELFARE<\/strong><br \/>\nEl equipo de coordinaci\u00f3n se encarga de gestionar el curso de cada alumno. Junto con el equipo de admisiones, son el alma de Welfare Guardians, personas con idiomas, estudios universitarios, madres y con experiencia en el extranjero. Ayudar\u00e1n en todos los aspectos del programa para hacerlo todo mucho m\u00e1s f\u00e1cil, desde la elecci\u00f3n de asignaturas, la inscripci\u00f3n en un deporte, ir a una excursi\u00f3n, solicitar apoyo escolar, recibir asistencia m\u00e9dica o qu\u00e9 hacer en vacaciones, atendiendo todas las necesidades y en permanente contacto con el colegio, el alumno y los padres.<\/p>\n<p>La seguridad y el bienestar son nuestra prioridad. Ante cualquier emergencia podr\u00e1s contactarnos a cualquier hora para que nos pongamos inmediatamente a resolver el asunto.<\/p>\n<p>Para el seguimiento acad\u00e9mico estar\u00e1n en contacto con el tutor, el responsable acad\u00e9mico y el propio alumno, a disposici\u00f3n de los padres para cualquier asunto. Se encargan de recibir las notas y cualquier alerta acad\u00e9mica, dando soluci\u00f3n a posibles problemas, apoyo durante la estancia, gesti\u00f3n de viajes, etc.<\/p>\n<p><strong>EL COORDINADOR LOCAL<\/strong><br \/>\nSi el alojamiento es en familia, tendremos un coordinador en destino que ser\u00e1 el principal apoyo del alumno para responder a sus preguntas y ayudarle con los retos que puedan surgir, para que le pueda llamar cuando sea necesario,\u00a0 incluso para cambiarle de familia si la situaci\u00f3n lo requiere.<\/p>\n<p><strong>EL GUARDIAN<\/strong><br \/>\nSi el alojamiento es en colegio, puede requerir que los alumnos tengan \u201cguardian\u201d, en cuyo caso te asignaremos uno para que te pueda organizar alojamiento en familia cuando haya vacaciones escolares o en un eventual cierre escolar por enfermedad, pandemia o cualquier tipo de emergencia que impida que los alumnos se puedan alojar en el colegio.<\/p>\n<p><strong>LA CONVALIDACI\u00d3N<\/strong><br \/>\nAntes de elegir curso informamos sobre los requisitos que cada alumno tiene que cumplir, de acuerdo con la normativa del Ministerio de Educaci\u00f3n de Espa\u00f1a y nos aseguramos de que el colegio vaya a permitir el escenario para ello.<\/p>\n<p>Al comienzo del curso comprobamos que las asignaturas est\u00e1n correctamente elegidas, cumpliendo estos requisitos, adem\u00e1s de los que el colegio y su sistema escolar exijan. Al final del curso nos encargamos de la homologaci\u00f3n, realizando las correspondientes traducciones juradas y todos los tr\u00e1mites necesarios para continuar los estudios en Espa\u00f1a, hasta que se reciba la credencial final.<\/p>\n","protected":false},"excerpt":{"rendered":"<p>SIEMPRE A TU LADO SELECCION Y CALIDAD EDUCATIVA Para nosotros lo m\u00e1s importante es conseguir una experiencia satisfactoria que perdurar\u00e1 en el futuro y en la que nosotros, Welfare Guardians, ponemos todo nuestro empe\u00f1o con la selecci\u00f3n de destinos, escuelas, etc. 26 a\u00f1os de experiencia y conocer en persona los colegios forman la base esencial [&hellip;]<\/p>\n","protected":false},"author":1,"featured_media":0,"parent":0,"menu_order":0,"comment_status":"closed","ping_status":"closed","template":"","meta":{"_genesis_hide_title":false,"_genesis_hide_breadcrumbs":false,"_genesis_hide_singular_image":false,"_genesis_hide_footer_widgets":false,"_genesis_custom_body_class":"","_genesis_custom_post_class":"","_genesis_layout":"full-width-content"},"aioseo_notices":[],"acf":[],"_links":{"self":[{"href":"https:\/\/welfareguardians.co.uk\/es\/wp-json\/wp\/v2\/pages\/4987"}],"collection":[{"href":"https:\/\/welfareguardians.co.uk\/es\/wp-json\/wp\/v2\/pages"}],"about":[{"href":"https:\/\/welfareguardians.co.uk\/es\/wp-json\/wp\/v2\/types\/page"}],"author":[{"embeddable":true,"href":"https:\/\/welfareguardians.co.uk\/es\/wp-json\/wp\/v2\/users\/1"}],"replies":[{"embeddable":true,"href":"https:\/\/welfareguardians.co.uk\/es\/wp-json\/wp\/v2\/comments?post=4987"}],"version-history":[{"count":12,"href":"https:\/\/welfareguardians.co.uk\/es\/wp-json\/wp\/v2\/pages\/4987\/revisions"}],"predecessor-version":[{"id":5706,"href":"https:\/\/welfareguardians.co.uk\/es\/wp-json\/wp\/v2\/pages\/4987\/revisions\/5706"}],"wp:attachment":[{"href":"https:\/\/welfareguardians.co.uk\/es\/wp-json\/wp\/v2\/media?parent=4987"}],"curies":[{"name":"wp","href":"https:\/\/api.w.org\/{rel}","templated":true}]}}