{"id":5655,"date":"2019-11-26T13:05:06","date_gmt":"2019-11-26T11:05:06","guid":{"rendered":"https:\/\/busidiomas.com\/cursos-escolares\/?page_id=5655"},"modified":"2020-10-23T09:22:53","modified_gmt":"2020-10-23T07:22:53","slug":"bachillerato-internacional","status":"publish","type":"page","link":"https:\/\/welfareguardians.co.uk\/es\/bachillerato-internacional\/","title":{"rendered":"Bachillerato internacional"},"content":{"rendered":"<p><img decoding=\"async\" class=\"aligncenter size-full wp-image-5658\" src=\"https:\/\/welfareguardians.co.uk\/wp-content\/uploads\/2019\/11\/bachillerato-internacional-idiomas.jpg\" alt=\"bachillerato-internacional-idiomas\" width=\"100%\" srcset=\"https:\/\/welfareguardians.co.uk\/wp-content\/uploads\/2019\/11\/bachillerato-internacional-idiomas.jpg 1200w, https:\/\/welfareguardians.co.uk\/wp-content\/uploads\/2019\/11\/bachillerato-internacional-idiomas-300x200.jpg 300w, https:\/\/welfareguardians.co.uk\/wp-content\/uploads\/2019\/11\/bachillerato-internacional-idiomas-768x512.jpg 768w, https:\/\/welfareguardians.co.uk\/wp-content\/uploads\/2019\/11\/bachillerato-internacional-idiomas-1024x683.jpg 1024w, https:\/\/welfareguardians.co.uk\/wp-content\/uploads\/2019\/11\/bachillerato-internacional-idiomas-250x167.jpg 250w, https:\/\/welfareguardians.co.uk\/wp-content\/uploads\/2019\/11\/bachillerato-internacional-idiomas-550x367.jpg 550w, https:\/\/welfareguardians.co.uk\/wp-content\/uploads\/2019\/11\/bachillerato-internacional-idiomas-800x533.jpg 800w, https:\/\/welfareguardians.co.uk\/wp-content\/uploads\/2019\/11\/bachillerato-internacional-idiomas-270x180.jpg 270w, https:\/\/welfareguardians.co.uk\/wp-content\/uploads\/2019\/11\/bachillerato-internacional-idiomas-450x300.jpg 450w, https:\/\/welfareguardians.co.uk\/wp-content\/uploads\/2019\/11\/bachillerato-internacional-idiomas-750x500.jpg 750w\" sizes=\"(max-width: 1200px) 100vw, 1200px\" \/><\/p>\n<p>El IB se cre\u00f3 en Ginebra hace m\u00e1s de 50 a\u00f1os y actualmente tiene una reputaci\u00f3n excelente, cada vez se va extendiendo m\u00e1s y es reconocido en todas las universidades del mundo.<\/p>\n<p>\u00ab<em>En Welfare Guardians hemos seleccionado colegios que ofrecen este reconocido sistema educativo, en todos los pa\u00edses, tanto en el sistema privado como en el p\u00fablico.\u00bb<\/em><\/p>\n<p>Es una opci\u00f3n de gran nivel acad\u00e9mico, desde mentalidad internacional. El estudiante es el centro de todo lo que se hace durante los estudios. Te preparan para que seas innovador, reflexivo, equilibrado, audaz, buen comunicador, seas abierto de mente, sepas medir riesgos y tengas principios y buenos conocimientos.<\/p>\n<p>Estos atributos representan un amplio rango de capacidades y responsabilidades que van m\u00e1s all\u00e1 del desarrollo intelectual y del \u00e9xito acad\u00e9mico. Esta es la filosof\u00eda de la educaci\u00f3n IB.<br \/>\nLos ex\u00e1menes se realizan con una metodolog\u00eda que busca un resultado justo, fiable y que reconozca los logros. Y los trabajos siempre buscan que cada uno pueda demostrar, no solo lo que ha aprendido, sino como lo puede aplicar.<\/p>\n<p>&nbsp;<\/p>\n<div class=\"bus-feature-box\"><\/div>\n<div class=\"feature-box-info equal\">\n<h4 class=\"bus-titulo-feature-box\"><strong>INTERNATIONAL BACCALAUREATE<\/strong><\/h4>\n<p>Es la \u00faltima etapa escolar, si bien hay colegios que lo empiezan a aplicar en etapas anteriores:<\/p>\n<ul>\n<ul>\n<li>\n<h4><strong>Primary Year Programme: De 3 a 12 a\u00f1os.<\/strong><\/h4>\n<p>Enfocando la motivaci\u00f3n en ser activos, emp\u00e1ticos y en saber aprender de forma positiva y responsable.<\/li>\n<\/ul>\n<\/ul>\n<p>&nbsp;<\/p>\n<ul>\n<ul>\n<li>\n<h4><strong>Middle Years Programme: De 11 a 16 a\u00f1os.<\/strong><\/h4>\n<p>Trabaja sobre todo la creatividad, aprender a ser cr\u00edtico y saber reflexionar, de cara a enfocar el bachillerato sobre estas bases.<\/li>\n<\/ul>\n<\/ul>\n<p>&nbsp;<\/p>\n<ul>\n<li>\n<h4><strong>Diploma Programme: De 16 a 19 a\u00f1os.<\/strong><\/h4>\n<p>Se centra en el desarrollo de conocimiento de forma amplia y en profundidad, buscando crecer como un solucionador de problemas creativo y un pensador independiente. Es muy riguroso y exigente y requiere cursarlo durante dos a\u00f1os consecutivos.<\/li>\n<\/ul>\n<\/div>\n<div class=\"clearfix\"><\/div>\n<div class=\"after-entry\">\n<div class=\"wrap\">\n<section id=\"text-4\" class=\"widget widget_text\">\n<h2>Solicite informaci\u00f3n:<\/h2>\n<div role=\"form\" class=\"wpcf7\" id=\"wpcf7-f5329-o1\" lang=\"es-ES\" dir=\"ltr\">\n<div class=\"screen-reader-response\"><p role=\"status\" aria-live=\"polite\" aria-atomic=\"true\"><\/p> <ul><\/ul><\/div>\n<form action=\"\/es\/wp-json\/wp\/v2\/pages\/5655#wpcf7-f5329-o1\" method=\"post\" class=\"wpcf7-form init\" novalidate=\"novalidate\" data-status=\"init\">\n<div style=\"display: none;\">\n<input type=\"hidden\" name=\"_wpcf7\" value=\"5329\" \/>\n<input type=\"hidden\" name=\"_wpcf7_version\" value=\"5.3\" \/>\n<input type=\"hidden\" name=\"_wpcf7_locale\" value=\"es_ES\" \/>\n<input type=\"hidden\" name=\"_wpcf7_unit_tag\" value=\"wpcf7-f5329-o1\" \/>\n<input type=\"hidden\" name=\"_wpcf7_container_post\" value=\"0\" \/>\n<input type=\"hidden\" name=\"_wpcf7_posted_data_hash\" value=\"\" \/>\n<input type=\"hidden\" name=\"_wpcf7_recaptcha_response\" value=\"\" \/>\n<\/div>\n<div class=\"one-half first\">\n<p align=\"left\">Su correo electr\u00f3nico (requerido): <span class=\"wpcf7-form-control-wrap your-email\"><input type=\"email\" name=\"your-email\" value=\"\" size=\"40\" class=\"wpcf7-form-control wpcf7-text wpcf7-email wpcf7-validates-as-required wpcf7-validates-as-email\" aria-required=\"true\" aria-invalid=\"false\" \/><\/span> <\/p>\n<p><label><\/p>\n<p><\/label>\n<\/div>\n<div class=\"one-half\">\n<label><\/p>\n<p><\/label><\/p>\n<p align=\"right\"><input type=\"submit\" value=\"Enviar\" class=\"wpcf7-form-control wpcf7-submit\" \/><\/p>\n<\/div>\n<p style=\"display: none !important;\"><label>&#916;<textarea name=\"_wpcf7_ak_hp_textarea\" cols=\"45\" rows=\"8\" maxlength=\"100\"><\/textarea><\/label><input type=\"hidden\" id=\"ak_js_1\" name=\"_wpcf7_ak_js\" value=\"126\"\/><script>document.getElementById( \"ak_js_1\" ).setAttribute( \"value\", ( new Date() ).getTime() );<\/script><\/p><div class=\"wpcf7-response-output\" aria-hidden=\"true\"><\/div><\/form><\/div>\n<\/section>\n<\/div>\n<\/div>\n<div class=\"clearfix\"><\/div>\n","protected":false},"excerpt":{"rendered":"<p>El IB se cre\u00f3 en Ginebra hace m\u00e1s de 50 a\u00f1os y actualmente tiene una reputaci\u00f3n excelente, cada vez se va extendiendo m\u00e1s y es reconocido en todas las universidades del mundo. \u00abEn Welfare Guardians hemos seleccionado colegios que ofrecen este reconocido sistema educativo, en todos los pa\u00edses, tanto en el sistema privado como en [&hellip;]<\/p>\n","protected":false},"author":1,"featured_media":5658,"parent":0,"menu_order":0,"comment_status":"closed","ping_status":"closed","template":"","meta":{"_genesis_hide_title":false,"_genesis_hide_breadcrumbs":false,"_genesis_hide_singular_image":false,"_genesis_hide_footer_widgets":false,"_genesis_custom_body_class":"","_genesis_custom_post_class":"","_genesis_layout":"content-sidebar"},"aioseo_notices":[],"acf":[],"_links":{"self":[{"href":"https:\/\/welfareguardians.co.uk\/es\/wp-json\/wp\/v2\/pages\/5655"}],"collection":[{"href":"https:\/\/welfareguardians.co.uk\/es\/wp-json\/wp\/v2\/pages"}],"about":[{"href":"https:\/\/welfareguardians.co.uk\/es\/wp-json\/wp\/v2\/types\/page"}],"author":[{"embeddable":true,"href":"https:\/\/welfareguardians.co.uk\/es\/wp-json\/wp\/v2\/users\/1"}],"replies":[{"embeddable":true,"href":"https:\/\/welfareguardians.co.uk\/es\/wp-json\/wp\/v2\/comments?post=5655"}],"version-history":[{"count":17,"href":"https:\/\/welfareguardians.co.uk\/es\/wp-json\/wp\/v2\/pages\/5655\/revisions"}],"predecessor-version":[{"id":5702,"href":"https:\/\/welfareguardians.co.uk\/es\/wp-json\/wp\/v2\/pages\/5655\/revisions\/5702"}],"wp:featuredmedia":[{"embeddable":true,"href":"https:\/\/welfareguardians.co.uk\/es\/wp-json\/wp\/v2\/media\/5658"}],"wp:attachment":[{"href":"https:\/\/welfareguardians.co.uk\/es\/wp-json\/wp\/v2\/media?parent=5655"}],"curies":[{"name":"wp","href":"https:\/\/api.w.org\/{rel}","templated":true}]}}