{"id":5687,"date":"2020-10-22T20:37:47","date_gmt":"2020-10-22T18:37:47","guid":{"rendered":"https:\/\/welfareguardians.co.uk\/?page_id=5687"},"modified":"2020-11-02T03:39:30","modified_gmt":"2020-11-02T01:39:30","slug":"aviso-legal","status":"publish","type":"page","link":"https:\/\/welfareguardians.co.uk\/es\/aviso-legal\/","title":{"rendered":"Aviso legal"},"content":{"rendered":"<p>El responsable de esta p\u00e1gina web es Welfare Guardians UK LTD, en adelante, Welfare, sociedad inscrita en el Registro Mercantil de Reino Unido (Companies House), con el n\u00famero 10137747 y domicilio social en Office 4, 219 Kesington High Street, London W86BD United Kingdom.<\/p>\n<p>Tambi\u00e9n puedes contactar con nosotros a trav\u00e9s del n\u00famero de tel\u00e9fono N\u00ba 954273187 o a trav\u00e9s de la siguiente direcci\u00f3n de e-mail: info@welfareguardians.co.uk<\/p>\n<p><strong>Propiedad Intelectual e Industrial<\/strong><br \/>\nEl dise\u00f1o de este sitio web y sus c\u00f3digos fuente, as\u00ed como los logos, marcas y dem\u00e1s signos distintivos que aparecen en el mismo pertenecen a Welfare y est\u00e1n protegidos por los correspondientes derechos de propiedad intelectual e industrial.<\/p>\n<p><strong>Responsabilidad de los contenidos<\/strong><br \/>\nWelfare no se hace responsable de la legalidad de otros sitios web de terceros desde los que pueda accederse a esta web. Welfare tampoco responde por la legalidad de otros sitios web de terceros, que pudieran estar vinculados o enlazados desde esta web.<\/p>\n<p>Welfare se reserva el derecho a realizar cambios en el sitio web sin previo aviso, al objeto de mantener actualizada su informaci\u00f3n, a\u00f1adiendo, modificando, corrigiendo o eliminando los contenidos publicados o el dise\u00f1o del portal.<\/p>\n<p>Welfare no ser\u00e1 responsable del uso que terceros hagan de la informaci\u00f3n publicada en el portal, ni tampoco de los da\u00f1os sufridos o p\u00e9rdidas econ\u00f3micas que, de forma directa o indirecta, produzcan o puedan producir perjuicios econ\u00f3micos, materiales o sobre datos, provocados por el uso de dicha informaci\u00f3n.<\/p>\n<p><strong>Reproducci\u00f3n de contenidos<\/strong><br \/>\nSe proh\u00edbe la reproducci\u00f3n total o parcial de los contenidos publicados en esta web sin la autorizaci\u00f3n previa y por escrito de Welfare.<\/p>\n<p><strong>POL\u00cdTICA DE PRIVACIDAD:<\/strong><\/p>\n<p><strong>Responsable del tratamiento<\/strong><br \/>\nEl Responsable del Tratamiento es Welfare Guardians UK LTD, Office 4, 219 Kesington High Street, London W86BD United Kingdom.<\/p>\n<p><strong>Principios de privacidad<\/strong><br \/>\nDesde Welfare nos comprometemos con usted a trabajar continuamente para garantizar la privacidad en el tratamiento de sus datos personales, y para ofrecerle en cada momento la informaci\u00f3n m\u00e1s completa y clara que podamos. Le animamos a leer detenidamente esta secci\u00f3n antes de facilitarnos sus datos personales.<\/p>\n<p>Si es usted menor de catorce a\u00f1os le rogamos que no nos facilite sus datos sin consentimiento de sus padres.<\/p>\n<p>En este apartado le informamos de c\u00f3mo tratamos los datos de las personas que tienen relaci\u00f3n con nuestra organizaci\u00f3n. Empezando por nuestros principios:<br \/>\n&#8211; No solicitamos informaci\u00f3n personal, a no ser que sea necesaria para prestarle los servicios que nos requiera.<br \/>\n&#8211; Nunca compartimos informaci\u00f3n personal con nadie, excepto para cumplir la ley, o contemos con su autorizaci\u00f3n expresa.<br \/>\n&#8211; Nunca utilizaremos sus datos personales para finalidades distintas a las expresadas en la presente pol\u00edtica de privacidad.<br \/>\n&#8211; Sus datos siempre ser\u00e1n tratados con un nivel de protecci\u00f3n adecuado a la legislaci\u00f3n en materia de protecci\u00f3n de datos, y no los someteremos a decisiones automatizadas.<\/p>\n<p>La presente pol\u00edtica de privacidad la hemos redactado teniendo en cuenta las exigencias de la actual legislaci\u00f3n de protecci\u00f3n de datos:<br \/>\n&#8211; Reglamento (UE) 2016\/679 del Parlamento Europeo y del Consejo de 27 de abril de 2016 relativo a la protecci\u00f3n de las personas f\u00edsicas (RGPD).<br \/>\n&#8211; Ley Org\u00e1nica 3\/2018, de 5 de diciembre, de Protecci\u00f3n de Datos de Car\u00e1cter Personal y garant\u00eda de los derechos digitales (LOPD).<br \/>\n&#8211; Real Decreto 1720\/2007, de 21 de diciembre (RLOPD).<\/p>\n<p>Esta pol\u00edtica de privacidad est\u00e1 redactada con fecha 6 de diciembre de 2018. Con motivo de la modificaci\u00f3n de criterios de tratamiento, en aras de facilitar su comprensi\u00f3n o de adaptarla a la legalidad vigente, es posible que modifiquemos la presente pol\u00edtica de privacidad. Actualizaremos la fecha de la misma, para que pueda comprobar su vigencia.<\/p>\n<p><strong>Tratamientos que realizamos<\/strong><\/p>\n<p>Principios de privacidad<br \/>\nDesde Welfare nos comprometemos con usted a trabajar continuamente para garantizar la privacidad en el tratamiento de sus datos personales, y para ofrecerle en cada momento la informaci\u00f3n m\u00e1s completa y clara que podamos. Le animamos a leer detenidamente esta secci\u00f3n antes de facilitarnos sus datos personales.<\/p>\n<p>Si es usted menor de catorce a\u00f1os le rogamos que no nos facilite sus datos sin consentimiento de sus padres.<\/p>\n<p>En este apartado le informamos de c\u00f3mo tratamos los datos de las personas que tienen relaci\u00f3n con nuestra organizaci\u00f3n. Empezando por nuestros principios:<br \/>\n&#8211; No solicitamos informaci\u00f3n personal, a no ser que sea necesaria para prestarle los servicios que nos requiera.<br \/>\n&#8211; Nunca compartimos informaci\u00f3n personal con nadie, excepto para cumplir la ley, o contemos con su autorizaci\u00f3n expresa.<br \/>\n&#8211; Nunca utilizaremos sus datos personales para finalidades distintas a las expresadas en la presente pol\u00edtica de privacidad.<br \/>\n&#8211; Sus datos siempre ser\u00e1n tratados con un nivel de protecci\u00f3n adecuado a la legislaci\u00f3n en materia de protecci\u00f3n de datos, y no los someteremos a decisiones automatizadas.<\/p>\n<p>La presente pol\u00edtica de privacidad la hemos redactado teniendo en cuenta las exigencias de la actual legislaci\u00f3n de protecci\u00f3n de datos:<br \/>\n&#8211; Reglamento (UE) 2016\/679 del Parlamento Europeo y del Consejo de 27 de abril de 2016 relativo a la protecci\u00f3n de las personas f\u00edsicas (RGPD).<br \/>\n&#8211; Ley Org\u00e1nica 3\/2018, de 5 de diciembre, de Protecci\u00f3n de Datos de Car\u00e1cter Personal y garant\u00eda de los derechos digitales (LOPD).<br \/>\n&#8211; Real Decreto 1720\/2007, de 21 de diciembre (RLOPD).<\/p>\n<p>Esta pol\u00edtica de privacidad est\u00e1 redactada con fecha 6 de diciembre de 2018. Con motivo de la modificaci\u00f3n de criterios de tratamiento, en aras de facilitar su comprensi\u00f3n o de adaptarla a la legalidad vigente, es posible que modifiquemos la presente pol\u00edtica de privacidad. Actualizaremos la fecha de la misma, para que pueda comprobar su vigencia.<\/p>\n<p>TRATAMIENTO DE EMPLEADOS<br \/>\nBase Jur\u00eddica: RGPD: 6.1.b) Tratamiento necesario para la ejecuci\u00f3n de un contrato en el que el interesado es parte o para la aplicaci\u00f3n a petici\u00f3n de \u00e9ste de medidas precontractuales.<br \/>\nRGPD: 6.1.c) Tratamiento necesario para el cumplimiento de una obligaci\u00f3n legal aplicable al responsable del tratamiento.<br \/>\nReal Decreto Legislativo 2\/2015, de 23 de octubre, por el que se aprueba el texto refundido de la Ley del Estatuto de los Trabajadores.<br \/>\nFines del Tratamiento: gesti\u00f3n de personal contratado, expediente personal, control horario, formaci\u00f3n, planes de pensiones, prevenci\u00f3n de riesgos laborales, emisi\u00f3n de la n\u00f3mina del personal y\/o gesti\u00f3n de la actividad sindical.<br \/>\nColectivo: empleados.<br \/>\nCategor\u00edas de Datos: nombre y apellidos, DNI\/CIF\/documento identificativo, n\u00famero de registro de personal, n\u00famero de seguridad social\/mutualidad, direcci\u00f3n, firma y tel\u00e9fono, categor\u00edas especiales de datos (datos de salud, bajas por enfermedad, accidentes laborales y grado de discapacidad, sin inclusi\u00f3n de diagn\u00f3sticos, afiliaci\u00f3n sindical, a los exclusivos efectos del pago de cuotas sindicales (en su caso), representante sindical (en su caso), justificantes de asistencia de propios y de terceros), datos de caracter\u00edsticas personales (sexo, estado civil, nacionalidad, edad, fecha y lugar de nacimiento y datos familiares), datos de circunstancias familiares (fecha de alta y baja, licencias, permisos y autorizaciones), datos acad\u00e9micos y profesionales (titulaciones, formaci\u00f3n y experiencia profesional), datos de detalle de empleo y carrera administrativa, incompatibilidades, datos de control de presencia (fecha\/hora entrada y salida, motivo de ausencia), datos econ\u00f3mico-financieros (datos econ\u00f3micos de n\u00f3mina, cr\u00e9ditos, pr\u00e9stamos, avales, deducciones impositivas, baja de haberes correspondiente al puesto de trabajo anterior (en su caso), retenciones judiciales (en su caso), otras retenciones (en su caso), datos bancarios).<br \/>\nCategor\u00edas de Destinatarios: entidad a quien se encomiende la gesti\u00f3n en materia de riesgos laborales, tesorer\u00eda general de la seguridad social, organizaciones sindicales, entidades financieras, agencia estatal de administraci\u00f3n tributaria, contratistas principales a los que prestemos servicios como subcontratistas.<br \/>\nTransferencias Internacionales: No est\u00e1n previstas transferencias internacionales de los datos.<br \/>\nPlazo de Supresi\u00f3n: se conservar\u00e1n durante el tiempo necesario para cumplir con la finalidad para la que se recabaron y para determinar las posibles responsabilidades que se pudieran derivar de dicha finalidad y del tratamiento de los datos. Los datos econ\u00f3micos de esta actividad de tratamiento se conservar\u00e1n al amparo de lo dispuesto en la Ley 58\/2003, de 17 de diciembre, general tributaria.<br \/>\nMedidas de seguridad: adaptadas a las exigencias del reglamento (EU) 2016\/679, reglamento general de protecci\u00f3n de datos.<\/p>\n<p>TRATAMIENTO DE CONTACTOS<br \/>\nBase jur\u00eddica: consentimiento del interesado.<br \/>\nFines del tratamiento: atender su solicitud, enviarle informaci\u00f3n y realizar un seguimiento de la solicitud.<br \/>\nColectivo: personas de contacto, clientes, proveedores<br \/>\nCategor\u00edas de datos: nombre y apellidos, tel\u00e9fono, direcci\u00f3n de email<br \/>\nCategor\u00edas de destinatarios: no se contemplan cesiones de datos a terceros.<br \/>\nTransferencias internacionales: no est\u00e1n previstas transferencias internacionales de los datos.<br \/>\nPlazo de supresi\u00f3n: los datos de contacto se conservar\u00e1n por un periodo indefinido, o hasta que el interesado solicite su supresi\u00f3n.<br \/>\nMedidas de seguridad: adaptadas a las exigencias del reglamento (EU) 2016\/679, reglamento general de protecci\u00f3n de datos.<\/p>\n<p>TRATAMIENTO DE ATENCI\u00d3N DERECHOS DE LAS PERSONAS (ARCO)<br \/>\nBase Jur\u00eddica: RGPD: 6.1.c) Tratamiento necesario para el cumplimiento de una obligaci\u00f3n legal aplicable al responsable del tratamiento.<br \/>\nReglamento General de Protecci\u00f3n de Datos.<br \/>\nFines del Tratamiento: Atender las solicitudes en el ejercicio de los derechos que establece el reglamento general de protecci\u00f3n de datos.<br \/>\nColectivo: personas f\u00edsicas que lo solicitan (empleados, clientes, proveedores, personas de contacto)<br \/>\nCategor\u00edas de datos: nombre y apellidos, direcci\u00f3n, firma y tel\u00e9fono.<br \/>\nCategor\u00edas de destinatarios: podr\u00e1n ser comunicados a la autoridad de control (Agencia Espa\u00f1ola de Protecci\u00f3n de Datos) en el marco de una investigaci\u00f3n por tutela de derechos iniciada por el interesado.<br \/>\nTransferencias internacionales: no est\u00e1n previstas transferencias internacionales de los datos.<br \/>\nPlazo de Supresi\u00f3n: Se conservar\u00e1n durante un plazo de cinco a\u00f1os desde el momento de la solicitud.<br \/>\nMedidas de Seguridad: adaptadas a las exigencias del reglamento (EU) 2016\/679, reglamento general de protecci\u00f3n de datos.<\/p>\n<p>TRATAMIENTO DE CANDIDATOS PROCESOS DE SELECCI\u00d3N (RRHH)<br \/>\nBase Jur\u00eddica: RGPD: 6.1.b) Tratamiento necesario para la ejecuci\u00f3n de un contrato en el que el interesado es parte o para la aplicaci\u00f3n a petici\u00f3n de este de medidas precontractuales.<br \/>\nFines del Tratamiento: selecci\u00f3n de personal y provisi\u00f3n de puestos de trabajo.<br \/>\nColectivo: candidatos presentados a procedimientos de provisi\u00f3n de puestos de trabajo.<br \/>\nCategor\u00edas de datos: nombre y apellidos, DNI\/CIF\/documento identificativo, n\u00famero de registro de personal, direcci\u00f3n, firma y tel\u00e9fono.<br \/>\nDatos de caracter\u00edsticas personales: sexo, estado civil, nacionalidad, edad, fecha y lugar de nacimiento y datos familiares.<br \/>\n&#8211; Datos acad\u00e9micos y profesionales: titulaciones, formaci\u00f3n y experiencia profesional.<br \/>\n&#8211; datos de detalle de empleo.<br \/>\nCategor\u00edas de destinatarios: no est\u00e1n previstas cesiones de datos a terceros.<br \/>\nTransferencias internacionales: no est\u00e1n previstas transferencias internacionales de los datos.<br \/>\nPlazo de supresi\u00f3n: se conservar\u00e1n durante el tiempo necesario para cumplir con la finalidad para la que se recabaron y para determinar las posibles responsabilidades que se pudieran derivar de dicha finalidad y del tratamiento de los datos.<br \/>\nMedidas de seguridad: adaptadas a las exigencias del reglamento (EU) 2016\/679, reglamento general de protecci\u00f3n de datos.<\/p>\n<p>TRATAMIENTO DE PROVEEDORES<br \/>\nBase Jur\u00eddica: RGPD: 6.1.b) Tratamiento necesario para la ejecuci\u00f3n de un contrato en el que el interesado es parte o para la aplicaci\u00f3n a petici\u00f3n de \u00e9ste de medidas precontractuales.<br \/>\nRGPD: 6.1.c) Tratamiento necesario para el cumplimiento de una obligaci\u00f3n legal aplicable al responsable del tratamiento.<br \/>\nReal Decreto Legislativo 2\/2015, de 23 de octubre, por el que se aprueba el texto refundido de la Ley del Estatuto de los Trabajadores.<br \/>\nLey 58\/2003, de 17 de diciembre, General Tributaria.<br \/>\nFines del tratamiento: adquisici\u00f3n de productos y\/o servicios que necesitamos para el desarrollo de nuestra actividad, control de los subcontratistas si procede.<br \/>\nColectivo: proveedores, trabajadores de nuestros proveedores.<br \/>\nCategor\u00edas de datos: nombre y apellidos, DNI\/NIF\/documento identificativo, direcci\u00f3n, firma y tel\u00e9fono.<br \/>\n&#8211; Datos de detalle de empleo: puesto de trabajo. Formaci\u00f3n en seguridad laboral.<br \/>\n&#8211; Datos econ\u00f3mico financieros y de seguros: datos bancarios.<br \/>\nCategor\u00edas de destinatarios: &#8211; entidades financieras. (pago de facturas)<br \/>\n&#8211; Agencia Estatal de Administraci\u00f3n Tributaria.<br \/>\nTransferencias internacionales: no est\u00e1n previstas transferencias internacionales de los datos.<br \/>\nPlazo de supresi\u00f3n: se conservar\u00e1n durante el tiempo necesario para cumplir con la finalidad para la que se recabaron y para determinar las posibles responsabilidades que se pudieran derivar de dicha finalidad y del tratamiento de los datos, conforme a la Ley 58\/2003, de 17 de diciembre, General Tributaria,<br \/>\nMedidas de Seguridad: adaptadas a las exigencias del Reglamento (EU) 2016\/679, Reglamento General de Protecci\u00f3n de Datos.<\/p>\n<p>TRATAMIENTO DE CLIENTES.<br \/>\nBase Jur\u00eddica: RGPD: 6.1.a) El interesado dio su consentimiento para el tratamiento de sus datos personales para uno o varios fines espec\u00edficos.<br \/>\nRGPD: 6.1.b) Tratamiento necesario para la ejecuci\u00f3n de un contrato en el que el interesado es parte o para la aplicaci\u00f3n a petici\u00f3n de \u00e9ste de medidas precontractuales.<br \/>\nRGPD: 6.1.c) Tratamiento necesario para el cumplimiento de una obligaci\u00f3n legal aplicable al responsable del tratamiento.<br \/>\nRGPD: 6.1.f) Tratamiento necesario para la satisfacci\u00f3n de intereses leg\u00edtimos del responsable del tratamiento.<\/p>\n<p>Real Decreto Legislativo 2\/2015, de 23 de octubre, por el que se aprueba el texto refundido de la Ley del Estatuto de los Trabajadores.<br \/>\nLey 58\/2003, de 17 de diciembre, General Tributaria.<br \/>\nFines del tratamiento: suministro de nuestros productos \/ servicios<br \/>\nColectivo: clientes<br \/>\nCategor\u00edas de datos: nombre y apellidos, DNI\/NIF\/documento identificativo, direcci\u00f3n, firma y tel\u00e9fono, datos econ\u00f3mico financieros y de seguros (datos bancarios).<br \/>\nCategor\u00edas de destinatarios: entidades financieras, agencia estatal de administraci\u00f3n tributaria.<br \/>\nTransferencias internacionales: no est\u00e1n previstas transferencias internacionales de los datos salvo en los programas que tengan lugar fuera de la UE y en cuyo caso vendr\u00e1 indicado en el correspondiente contrato.<br \/>\nPlazo de supresi\u00f3n: se conservar\u00e1n durante el tiempo necesario para cumplir con la finalidad para la que se recabaron y para determinar las posibles responsabilidades que se pudieran derivar de dicha finalidad y del tratamiento de los datos, conforme a la Ley 58\/2003, de 17 de diciembre, General Tributaria,<br \/>\nMedidas de seguridad: adaptadas a las exigencias del Reglamento (EU) 2016\/679, Reglamento General de Protecci\u00f3n de Datos.<\/p>\n<p>SUS DERECHOS<\/p>\n<p>Tiene derecho a solicitarnos una copia de sus datos personales, a rectificar los datos inexactos o completarlos si estuvieren incompletos, o en su caso suprimirlos, cuando ya no sean necesarios para los fines para los que fueron recogidos.<\/p>\n<p>Tambi\u00e9n tiene derecho a limitar el tratamiento de sus datos personales y a obtener sus datos personales en un formato estructurado y legible.<\/p>\n<p>Puede oponerse al tratamiento de sus datos personales en algunas circunstancias (en particular, cuando no tengamos que procesarlos para cumplir con un requisito contractual u otro requisito legal, o cuando el objeto del tratamiento sea el marketing directo).<\/p>\n<p>Cuando nos haya otorgado su consentimiento, podr\u00e1 retirarlo en cualquier momento. En ese momento dejaremos de tratar sus datos o, en su caso, dejaremos de hacerlo para esa finalidad en concreto. Si decide retirar su consentimiento, esto no afectar\u00e1 a ning\u00fan tratamiento que haya tenido lugar mientras su consentimiento estaba vigente.<\/p>\n<p>Estos derechos podr\u00e1n verse limitados; por ejemplo si para cumplir su solicitud tuvi\u00e9semos que revelar datos sobre otra persona, o si nos solicita que eliminemos algunos registros que estamos obligados a mantener por una obligaci\u00f3n legal o por un inter\u00e9s leg\u00edtimo, como pueda ser el ejercicio de defensa ante reclamaciones. O incluso en aquellos casos donde debe prevalecer el derecho a la libertad de expresi\u00f3n e informaci\u00f3n.<\/p>\n<p>Puede contactar con nosotros por cualquiera de los medios indicados en el apartado Responsable del Tratamiento de esta pol\u00edtica de privacidad, aportando una copia de un documento que acredite su identidad (normalmente el DNI).<\/p>\n<p>Otro de sus derechos es el de no ser objeto de una decisi\u00f3n basada \u00fanicamente en un tratamiento automatizado, incluida la elaboraci\u00f3n de perfiles que produzca efectos jur\u00eddicos o te afecte.<\/p>\n<p>Frente a cualquier vulneraci\u00f3n de sus derechos, como, por ejemplo, que no hayamos atendido su solicitud, tiene derecho a presentar una reclamaci\u00f3n ante la Autoridad de Control en materia de protecci\u00f3n de datos.<\/p>\n<p>Informaci\u00f3n adicional<\/p>\n<p>Tratamiento de tus datos fuera del Espacio Econ\u00f3mico Europeo: no utilizamos recursos de empresas acogidas al Privacy Shield.<\/p>\n<p>Enlaces a sitios web de terceros.<br \/>\nNuestro sitio web puede, en algunas ocasiones, contener enlaces hacia otros sitios web. Es su responsabilidad asegurarse de leer la pol\u00edtica de protecci\u00f3n de datos y las condiciones legales que se apliquen a cada sitio.<\/p>\n<p>Datos de terceros.<br \/>\nSi nos facilita datos de terceros, asume la responsabilidad de informarles previamente seg\u00fan lo establecido en el art\u00edculo 14 del RGPD.<\/p>\n","protected":false},"excerpt":{"rendered":"<p>El responsable de esta p\u00e1gina web es Welfare Guardians UK LTD, en adelante, Welfare, sociedad inscrita en el Registro Mercantil de Reino Unido (Companies House), con el n\u00famero 10137747 y domicilio social en Office 4, 219 Kesington High Street, London W86BD United Kingdom. Tambi\u00e9n puedes contactar con nosotros a trav\u00e9s del n\u00famero de tel\u00e9fono N\u00ba [&hellip;]<\/p>\n","protected":false},"author":1,"featured_media":0,"parent":0,"menu_order":0,"comment_status":"closed","ping_status":"closed","template":"","meta":{"_genesis_hide_title":false,"_genesis_hide_breadcrumbs":false,"_genesis_hide_singular_image":false,"_genesis_hide_footer_widgets":false,"_genesis_custom_body_class":"","_genesis_custom_post_class":"","_genesis_layout":""},"aioseo_notices":[],"acf":[],"_links":{"self":[{"href":"https:\/\/welfareguardians.co.uk\/es\/wp-json\/wp\/v2\/pages\/5687"}],"collection":[{"href":"https:\/\/welfareguardians.co.uk\/es\/wp-json\/wp\/v2\/pages"}],"about":[{"href":"https:\/\/welfareguardians.co.uk\/es\/wp-json\/wp\/v2\/types\/page"}],"author":[{"embeddable":true,"href":"https:\/\/welfareguardians.co.uk\/es\/wp-json\/wp\/v2\/users\/1"}],"replies":[{"embeddable":true,"href":"https:\/\/welfareguardians.co.uk\/es\/wp-json\/wp\/v2\/comments?post=5687"}],"version-history":[{"count":2,"href":"https:\/\/welfareguardians.co.uk\/es\/wp-json\/wp\/v2\/pages\/5687\/revisions"}],"predecessor-version":[{"id":6057,"href":"https:\/\/welfareguardians.co.uk\/es\/wp-json\/wp\/v2\/pages\/5687\/revisions\/6057"}],"wp:attachment":[{"href":"https:\/\/welfareguardians.co.uk\/es\/wp-json\/wp\/v2\/media?parent=5687"}],"curies":[{"name":"wp","href":"https:\/\/api.w.org\/{rel}","templated":true}]}}