{"id":5693,"date":"2020-10-22T20:40:23","date_gmt":"2020-10-22T18:40:23","guid":{"rendered":"https:\/\/welfareguardians.co.uk\/?page_id=5693"},"modified":"2020-11-04T14:19:00","modified_gmt":"2020-11-04T12:19:00","slug":"solicita-tu-catalogo","status":"publish","type":"page","link":"https:\/\/welfareguardians.co.uk\/es\/solicita-tu-catalogo\/","title":{"rendered":"Solicita tu cat\u00e1logo"},"content":{"rendered":"<p><img decoding=\"async\" loading=\"lazy\" class=\"aligncenter size-large wp-image-5169\" src=\"https:\/\/welfareguardians.co.uk\/wp-content\/uploads\/2017\/03\/IMG_4693-copia_1-1024x326.jpg\" alt=\"IMG_4693 copia_1\" width=\"1024\" height=\"326\"><\/p>\n<p>Si quieres recibir en tu direcci\u00f3n nuestro cat\u00e1logo con selecci\u00f3n de cursos de idiomas en el extranjero, rellena tus datos a continuaci\u00f3n.<\/p>\n<div role=\"form\" class=\"wpcf7\" id=\"wpcf7-f5695-o1\" lang=\"es-ES\" dir=\"ltr\">\n<div class=\"screen-reader-response\"><p role=\"status\" aria-live=\"polite\" aria-atomic=\"true\"><\/p> <ul><\/ul><\/div>\n<form action=\"\/es\/wp-json\/wp\/v2\/pages\/5693#wpcf7-f5695-o1\" method=\"post\" class=\"wpcf7-form init\" novalidate=\"novalidate\" data-status=\"init\">\n<div style=\"display: none;\">\n<input type=\"hidden\" name=\"_wpcf7\" value=\"5695\" \/>\n<input type=\"hidden\" name=\"_wpcf7_version\" value=\"5.3\" \/>\n<input type=\"hidden\" name=\"_wpcf7_locale\" value=\"es_ES\" \/>\n<input type=\"hidden\" name=\"_wpcf7_unit_tag\" value=\"wpcf7-f5695-o1\" \/>\n<input type=\"hidden\" name=\"_wpcf7_container_post\" value=\"0\" \/>\n<input type=\"hidden\" name=\"_wpcf7_posted_data_hash\" value=\"\" \/>\n<input type=\"hidden\" name=\"_wpcf7_recaptcha_response\" value=\"\" \/>\n<\/div>\n<p><label> Nombre (requerido):<br \/>\n    <span class=\"wpcf7-form-control-wrap your-name\"><input type=\"text\" name=\"your-name\" value=\"\" size=\"40\" class=\"wpcf7-form-control wpcf7-text wpcf7-validates-as-required\" aria-required=\"true\" aria-invalid=\"false\" \/><\/span> <\/label><\/p>\n<p><label> Tu correo electr\u00f3nico (requerido):<br \/>\n    <span class=\"wpcf7-form-control-wrap your-email\"><input type=\"email\" name=\"your-email\" value=\"\" size=\"40\" class=\"wpcf7-form-control wpcf7-text wpcf7-email wpcf7-validates-as-required wpcf7-validates-as-email\" aria-required=\"true\" aria-invalid=\"false\" \/><\/span> <\/label><\/p>\n<p>Selecciona tu cat\u00e1logo: (requerido):<br \/>\n<span class=\"wpcf7-form-control-wrap your-catalogo\"><select name=\"your-catalogo\" class=\"wpcf7-form-control wpcf7-select wpcf7-validates-as-required\" aria-required=\"true\" aria-invalid=\"false\"><option value=\"\">---<\/option><option value=\"Cat\u00e1logo de cursos de verano\">Cat\u00e1logo de cursos de verano<\/option><option value=\"Cat\u00e1logo de cursos escolares\">Cat\u00e1logo de cursos escolares<\/option><\/select><\/span><\/p>\n<p><label> Direcci\u00f3n de env\u00edo (requerido):<br \/>\n    <span class=\"wpcf7-form-control-wrap your-direccion\"><textarea name=\"your-direccion\" cols=\"40\" rows=\"10\" class=\"wpcf7-form-control wpcf7-textarea wpcf7-validates-as-required\" aria-required=\"true\" aria-invalid=\"false\"><\/textarea><\/span> <\/label><\/p>\n<p><label> Edad:<br \/>\n    <span class=\"wpcf7-form-control-wrap your-edad\"><input type=\"text\" name=\"your-edad\" value=\"\" size=\"40\" class=\"wpcf7-form-control wpcf7-text\" aria-invalid=\"false\" \/><\/span> <\/label><\/p>\n<p><label> Tel\u00e9fono:<br \/>\n    <span class=\"wpcf7-form-control-wrap your-telefono\"><input type=\"text\" name=\"your-telefono\" value=\"\" size=\"40\" class=\"wpcf7-form-control wpcf7-text\" aria-invalid=\"false\" \/><\/span> <\/label><\/p>\n<p><label> \u00bfAlguna pregunta?:<br \/>\n    <span class=\"wpcf7-form-control-wrap your-pregunta\"><textarea name=\"your-pregunta\" cols=\"40\" rows=\"10\" class=\"wpcf7-form-control wpcf7-textarea\" aria-invalid=\"false\"><\/textarea><\/span> <\/label><\/p>\n<p><span class=\"wpcf7-form-control-wrap accept-this-1\"><span class=\"wpcf7-form-control wpcf7-acceptance\"><span class=\"wpcf7-list-item\"><input type=\"checkbox\" name=\"accept-this-1\" value=\"1\" aria-invalid=\"false\" \/><\/span><\/span><\/span> He le\u00eddo y acepto las <a href=\"http:\/\/welfareguardians.co.uk\/clausulas-de-empleo\/\" target=\"_blank\">cl\u00e1usulas legales<\/a> (obligatorio)<\/p>\n<p><input type=\"submit\" value=\"Enviar\" class=\"wpcf7-form-control wpcf7-submit\" \/><\/p>\n<p style=\"display: none !important;\"><label>&#916;<textarea name=\"_wpcf7_ak_hp_textarea\" cols=\"45\" rows=\"8\" maxlength=\"100\"><\/textarea><\/label><input type=\"hidden\" id=\"ak_js_1\" name=\"_wpcf7_ak_js\" value=\"216\"\/><script>document.getElementById( \"ak_js_1\" ).setAttribute( \"value\", ( new Date() ).getTime() );<\/script><\/p><div class=\"wpcf7-response-output\" aria-hidden=\"true\"><\/div><\/form><\/div>\n","protected":false},"excerpt":{"rendered":"<p>Si quieres recibir en tu direcci\u00f3n nuestro cat\u00e1logo con selecci\u00f3n de cursos de idiomas en el extranjero, rellena tus datos a continuaci\u00f3n.<\/p>\n","protected":false},"author":1,"featured_media":0,"parent":0,"menu_order":0,"comment_status":"closed","ping_status":"closed","template":"","meta":{"_genesis_hide_title":false,"_genesis_hide_breadcrumbs":false,"_genesis_hide_singular_image":false,"_genesis_hide_footer_widgets":false,"_genesis_custom_body_class":"","_genesis_custom_post_class":"","_genesis_layout":""},"aioseo_notices":[],"acf":[],"_links":{"self":[{"href":"https:\/\/welfareguardians.co.uk\/es\/wp-json\/wp\/v2\/pages\/5693"}],"collection":[{"href":"https:\/\/welfareguardians.co.uk\/es\/wp-json\/wp\/v2\/pages"}],"about":[{"href":"https:\/\/welfareguardians.co.uk\/es\/wp-json\/wp\/v2\/types\/page"}],"author":[{"embeddable":true,"href":"https:\/\/welfareguardians.co.uk\/es\/wp-json\/wp\/v2\/users\/1"}],"replies":[{"embeddable":true,"href":"https:\/\/welfareguardians.co.uk\/es\/wp-json\/wp\/v2\/comments?post=5693"}],"version-history":[{"count":5,"href":"https:\/\/welfareguardians.co.uk\/es\/wp-json\/wp\/v2\/pages\/5693\/revisions"}],"predecessor-version":[{"id":6083,"href":"https:\/\/welfareguardians.co.uk\/es\/wp-json\/wp\/v2\/pages\/5693\/revisions\/6083"}],"wp:attachment":[{"href":"https:\/\/welfareguardians.co.uk\/es\/wp-json\/wp\/v2\/media?parent=5693"}],"curies":[{"name":"wp","href":"https:\/\/api.w.org\/{rel}","templated":true}]}}