{"id":5697,"date":"2020-10-22T20:44:34","date_gmt":"2020-10-22T18:44:34","guid":{"rendered":"https:\/\/welfareguardians.co.uk\/?page_id=5697"},"modified":"2020-10-22T20:44:44","modified_gmt":"2020-10-22T18:44:44","slug":"clausulas-de-empleo","status":"publish","type":"page","link":"https:\/\/welfareguardians.co.uk\/es\/clausulas-de-empleo\/","title":{"rendered":"Cl\u00e1usulas de privacidad"},"content":{"rendered":"<p>Los datos de car\u00e1cter personal que consten en la consulta ser\u00e1n tratados por welfareguardians e incorporados a la actividad de tratamiento CONTACTOS, cuya finalidad es atender sus solicitudes, peticiones o consultas recibidas desde la web, mediante correo electr\u00f3nico o telef\u00f3nico, dar respuesta a su solicitud y hacer un seguimiento posterior. La legitimaci\u00f3n del tratamiento es su consentimiento. Sus datos no ser\u00e1n cedidos a terceros. Tiene derecho a acceder, rectificar y suprimir sus datos, as\u00ed como otros derechos como se explica en nuestra pol\u00edtica de privacidad.<\/p>\n","protected":false},"excerpt":{"rendered":"<p>Los datos de car\u00e1cter personal que consten en la consulta ser\u00e1n tratados por welfareguardians e incorporados a la actividad de tratamiento CONTACTOS, cuya finalidad es atender sus solicitudes, peticiones o consultas recibidas desde la web, mediante correo electr\u00f3nico o telef\u00f3nico, dar respuesta a su solicitud y hacer un seguimiento posterior. La legitimaci\u00f3n del tratamiento es [&hellip;]<\/p>\n","protected":false},"author":1,"featured_media":0,"parent":0,"menu_order":0,"comment_status":"closed","ping_status":"closed","template":"","meta":{"_genesis_hide_title":false,"_genesis_hide_breadcrumbs":false,"_genesis_hide_singular_image":false,"_genesis_hide_footer_widgets":false,"_genesis_custom_body_class":"","_genesis_custom_post_class":"","_genesis_layout":""},"aioseo_notices":[],"acf":[],"_links":{"self":[{"href":"https:\/\/welfareguardians.co.uk\/es\/wp-json\/wp\/v2\/pages\/5697"}],"collection":[{"href":"https:\/\/welfareguardians.co.uk\/es\/wp-json\/wp\/v2\/pages"}],"about":[{"href":"https:\/\/welfareguardians.co.uk\/es\/wp-json\/wp\/v2\/types\/page"}],"author":[{"embeddable":true,"href":"https:\/\/welfareguardians.co.uk\/es\/wp-json\/wp\/v2\/users\/1"}],"replies":[{"embeddable":true,"href":"https:\/\/welfareguardians.co.uk\/es\/wp-json\/wp\/v2\/comments?post=5697"}],"version-history":[{"count":1,"href":"https:\/\/welfareguardians.co.uk\/es\/wp-json\/wp\/v2\/pages\/5697\/revisions"}],"predecessor-version":[{"id":5698,"href":"https:\/\/welfareguardians.co.uk\/es\/wp-json\/wp\/v2\/pages\/5697\/revisions\/5698"}],"wp:attachment":[{"href":"https:\/\/welfareguardians.co.uk\/es\/wp-json\/wp\/v2\/media?parent=5697"}],"curies":[{"name":"wp","href":"https:\/\/api.w.org\/{rel}","templated":true}]}}